{"id":51,"date":"2020-04-16T12:08:41","date_gmt":"2020-04-16T12:08:41","guid":{"rendered":"http:\/\/hnozentrumwesel.de\/?page_id=51"},"modified":"2026-02-17T16:31:50","modified_gmt":"2026-02-17T15:31:50","slug":"datenschutzerklaerung","status":"publish","type":"page","link":"https:\/\/hnozentrumwesel.de\/?page_id=51","title":{"rendered":"Datenschutzerkl\u00e4rung"},"content":{"rendered":"\n<p>Verantwortliche Stelle im Sinne der Datenschutzgesetze, insbesondere der EU-Datenschutzgrundverordnung (DSGVO), ist:<\/p>\n\n\n\n<p>HNO-Zentrum-Wesel<br>Hohe Stra\u00dfe 27<br>46483 Wesel<br>Deutschland<br><br>Email-Adresse: hno-zentrum-wesel@t-online.de<br>Gesch\u00e4ftsf\u00fchrer\/ Inhaber: Dr. med. Lara van Bebber, Tamar Assi-Hijazi<br><br>Link zum Impressum: <a href=\"https:\/\/hnozentrumwesel.de\/?page_id=25\">https:\/\/hnozentrumwesel.de\/?page_id=25<\/a><\/p>\n\n\n\n<p><strong>Ihre Betroffenenrechte<\/strong><\/p>\n\n\n\n<p>Unter den angegebenen Kontaktdaten k\u00f6nnen Sie jederzeit folgende Rechte aus\u00fcben:<\/p>\n\n\n\n<ul class=\"wp-block-list\">\n<li>Auskunft \u00fcber Ihre bei uns gespeicherten Daten und deren Verarbeitung (Art. 15 DSGVO),<\/li>\n\n\n\n<li>Berichtigung unrichtiger personenbezogener Daten (Art. 16 DSGVO),<\/li>\n\n\n\n<li>L\u00f6schung Ihrer bei uns gespeicherten Daten (Art. 17 DSGVO),<\/li>\n\n\n\n<li>Einschr\u00e4nkung der Datenverarbeitung, sofern wir Ihre Daten aufgrund gesetzlicher Pflichten noch nicht l\u00f6schen d\u00fcrfen (Art. 18 DSGVO),<\/li>\n\n\n\n<li>Widerspruch gegen die Verarbeitung Ihrer Daten bei uns (Art. 21 DSGVO) und<\/li>\n\n\n\n<li>Daten\u00fcbertragbarkeit, sofern Sie in die Datenverarbeitung eingewilligt haben oder einen Vertrag mit uns abgeschlossen haben (Art. 20 DSGVO).<\/li>\n<\/ul>\n\n\n\n<p>Sofern Sie uns eine Einwilligung erteilt haben, k\u00f6nnen Sie diese jederzeit mit Wirkung f\u00fcr die Zukunft widerrufen.<\/p>\n\n\n\n<p>Sie k\u00f6nnen sich jederzeit mit einer Beschwerde an eine Aufsichtsbeh\u00f6rde wenden, z. B. an die zust\u00e4ndige Aufsichtsbeh\u00f6rde des Bundeslands Ihres Wohnsitzes oder an die f\u00fcr uns als verantwortliche Stelle zust\u00e4ndige Beh\u00f6rde.<\/p>\n\n\n\n<p>Eine Liste der Aufsichtsbeh\u00f6rden (f\u00fcr den nicht\u00f6ffentlichen Bereich) mit Anschrift finden Sie unter:<a href=\"https:\/\/www.bfdi.bund.de\/DE\/Infothek\/Anschriften_Links\/anschriften_links-node.html\" target=\"_blank\" rel=\"noreferrer noopener\">https:\/\/www.bfdi.bund.de\/DE\/Infothek\/Anschriften_Links\/anschriften_links-node.html<\/a>.<\/p>\n\n\n\n<p><strong>\u00c4nderung unserer Datenschutzbestimmungen<\/strong><\/p>\n\n\n\n<p>Wir behalten uns vor, diese Datenschutzerkl\u00e4rung anzupassen, damit sie stets den aktuellen rechtlichen Anforderungen entspricht oder um \u00c4nderungen unserer Leistungen in der Datenschutzerkl\u00e4rung umzusetzen, z.B. bei der Einf\u00fchrung neuer Services. F\u00fcr Ihren erneuten Besuch gilt dann die neue Datenschutzerkl\u00e4rung.<\/p>\n\n\n\n<p><strong>Fragen an den Datenschutzbeauftragten<\/strong><\/p>\n\n\n\n<p>Wenn Sie Fragen zum Datenschutz haben, schreiben Sie uns bitte eine E-Mail oder rufen Sie uns an.<\/p>\n\n\n\n<hr class=\"wp-block-separator has-alpha-channel-opacity\"\/>\n\n\n\n<p>Diese Website nutzt den Online-Rezeptionsservicedienst 321 MED f\u00fcr die digitale, online-basierte Kommunikation und Interaktion zwischen Patienten\/-innen und Gesundheitseinrichtungen und\/oder Arztpraxen. Dienstanbieter ist die 321 MED GmbH, Wernerwerkstra\u00dfe 4, 93049 Regensburg.<\/p>\n\n\n\n<p>321 MED erm\u00f6glicht uns eine unmittelbare Online-Betreuung unserer Patienten\/-innen sowie eine schnelle und unkomplizierte Kommunikation mit unseren Patienten\/-innen. Wenn Sie auf unserer Website \u00fcber unsere Online-Rezeption Daten, etwa Ihre Kontaktdaten, zum Zwecke des der Kommunikation mit uns eingeben, werden diese auf den Servern von 321 MED in Deutschland gespeichert. Ja nach individueller Konfiguration und Eingabe werden im Rahmen der Nutzung unseres Online-Rezeptionsdienstes unter Umst\u00e4nden personenbezogene Daten und\/oder Gesundheitsdaten erfasst.<\/p>\n\n\n\n<p>Die Nutzung von 321 MED erfolgt im Interesse einer ansprechenden Darstellung unserer Online-Angebote sowie der Bereitstellung eines unmittelbaren und schnellen Services. Dies stellt ein berechtigtes Interesse dar, Rechtsgrundlage ist Art. 6 Abs. 1 lit. f DSGVO. Die Datenverarbeitung mittels 321 MED erfolgt mittels der von Ihnen zur Verf\u00fcgung gestellten\/eingegebenen Daten auf Grundlage Ihrer Einwilligung, Art. 6 Abs. 1 lit. a DSGVO. Soweit Sie optionale Daten wie Geschlecht oder Gesundheitsdaten angeben, erfolgt die Datenverarbeitung auf Grundlage Ihrer Einwilligung gem. Art. 9 Abs. 2 lit. a DSGVO.<\/p>\n\n\n\n<p>Wenn Sie nicht m\u00f6chten, dass Ihre Daten an 321 MED \u00fcbertragen werden, k\u00f6nnen Sie Ihre Einwilligung zur Verarbeitung Ihrer personenbezogenen Daten oder Gesundheitsdaten jederzeit durch eine Nachricht an uns widerrufen. Wenn Sie Ihre Einwilligung widerrufen, werden Ihre Daten bei uns bzw. bei 321 MED gel\u00f6scht. Bitte beachten Sie, dass Sie in diesem Fall aber m\u00f6glicherweise nicht (mehr) s\u00e4mtliche Funktionen unseres Online-Rezeptionsdienstes vollst\u00e4ndig nutzen k\u00f6nnen. Daten, die zu anderen Zwecken bei uns oder 321 MED gespeichert wurden, bleiben hiervon unber\u00fchrt. Die Rechtm\u00e4\u00dfigkeit bereits erfolgter Datenverarbeitungsvorg\u00e4nge bleibt vom Widerruf unber\u00fchrt.<\/p>\n\n\n\n<p>Wir haben mit dem Anbieter 321 MED einen datenschutzrechtlich vorgeschriebenen Vertrag \u00fcber Auftragsverarbeitung (AVV) geschlossen. Hierbei handelt es sich um einen Vertrag, der gew\u00e4hrleistet, dass der jeweilige Anbieter personenbezogene Daten der User unserer Website nur nach unseren Weisungen sowie unter Einhaltung der DSGVO verarbeitet.<\/p>\n\n\n\n<p>Weitere Informationen zu den via 321 MED verarbeiteten Daten sowie dar\u00fcber, welche Cookies wir verwenden und wie Sie Ihre Cookie-Einstellungen verwalten k\u00f6nnen, finden Sie in der Datenschutzerkl\u00e4rung von 321 MED unter https:\/\/321med.com\/de\/dataprotection.<\/p>\n","protected":false},"excerpt":{"rendered":"<p>Verantwortliche Stelle im Sinne der Datenschutzgesetze, insbesondere der EU-Datenschutzgrundverordnung (DSGVO), ist: HNO-Zentrum-WeselHohe Stra\u00dfe 2746483 WeselDeutschland Email-Adresse: hno-zentrum-wesel@t-online.deGesch\u00e4ftsf\u00fchrer\/ Inhaber: Dr. med. Lara van Bebber, Tamar Assi-Hijazi Link zum Impressum: https:\/\/hnozentrumwesel.de\/?page_id=25 Ihre Betroffenenrechte Unter den angegebenen Kontaktdaten k\u00f6nnen Sie jederzeit folgende Rechte aus\u00fcben: Sofern Sie uns eine Einwilligung erteilt haben, k\u00f6nnen Sie diese jederzeit mit Wirkung f\u00fcr [&hellip;]<\/p>\n","protected":false},"author":1,"featured_media":0,"parent":0,"menu_order":0,"comment_status":"closed","ping_status":"closed","template":"","meta":{"site-sidebar-layout":"default","site-content-layout":"","ast-site-content-layout":"default","site-content-style":"default","site-sidebar-style":"default","ast-global-header-display":"","ast-banner-title-visibility":"","ast-main-header-display":"","ast-hfb-above-header-display":"","ast-hfb-below-header-display":"","ast-hfb-mobile-header-display":"","site-post-title":"","ast-breadcrumbs-content":"","ast-featured-img":"","footer-sml-layout":"","ast-disable-related-posts":"","theme-transparent-header-meta":"","adv-header-id-meta":"","stick-header-meta":"","header-above-stick-meta":"","header-main-stick-meta":"","header-below-stick-meta":"","astra-migrate-meta-layouts":"set","ast-page-background-enabled":"default","ast-page-background-meta":{"desktop":{"background-color":"var(--ast-global-color-4)","background-image":"","background-repeat":"repeat","background-position":"center center","background-size":"auto","background-attachment":"scroll","background-type":"","background-media":"","overlay-type":"","overlay-color":"","overlay-opacity":"","overlay-gradient":""},"tablet":{"background-color":"","background-image":"","background-repeat":"repeat","background-position":"center center","background-size":"auto","background-attachment":"scroll","background-type":"","background-media":"","overlay-type":"","overlay-color":"","overlay-opacity":"","overlay-gradient":""},"mobile":{"background-color":"","background-image":"","background-repeat":"repeat","background-position":"center center","background-size":"auto","background-attachment":"scroll","background-type":"","background-media":"","overlay-type":"","overlay-color":"","overlay-opacity":"","overlay-gradient":""}},"ast-content-background-meta":{"desktop":{"background-color":"var(--ast-global-color-5)","background-image":"","background-repeat":"repeat","background-position":"center center","background-size":"auto","background-attachment":"scroll","background-type":"","background-media":"","overlay-type":"","overlay-color":"","overlay-opacity":"","overlay-gradient":""},"tablet":{"background-color":"var(--ast-global-color-5)","background-image":"","background-repeat":"repeat","background-position":"center center","background-size":"auto","background-attachment":"scroll","background-type":"","background-media":"","overlay-type":"","overlay-color":"","overlay-opacity":"","overlay-gradient":""},"mobile":{"background-color":"var(--ast-global-color-5)","background-image":"","background-repeat":"repeat","background-position":"center center","background-size":"auto","background-attachment":"scroll","background-type":"","background-media":"","overlay-type":"","overlay-color":"","overlay-opacity":"","overlay-gradient":""}},"footnotes":""},"class_list":["post-51","page","type-page","status-publish","hentry"],"_links":{"self":[{"href":"https:\/\/hnozentrumwesel.de\/index.php?rest_route=\/wp\/v2\/pages\/51","targetHints":{"allow":["GET"]}}],"collection":[{"href":"https:\/\/hnozentrumwesel.de\/index.php?rest_route=\/wp\/v2\/pages"}],"about":[{"href":"https:\/\/hnozentrumwesel.de\/index.php?rest_route=\/wp\/v2\/types\/page"}],"author":[{"embeddable":true,"href":"https:\/\/hnozentrumwesel.de\/index.php?rest_route=\/wp\/v2\/users\/1"}],"replies":[{"embeddable":true,"href":"https:\/\/hnozentrumwesel.de\/index.php?rest_route=%2Fwp%2Fv2%2Fcomments&post=51"}],"version-history":[{"count":11,"href":"https:\/\/hnozentrumwesel.de\/index.php?rest_route=\/wp\/v2\/pages\/51\/revisions"}],"predecessor-version":[{"id":1130,"href":"https:\/\/hnozentrumwesel.de\/index.php?rest_route=\/wp\/v2\/pages\/51\/revisions\/1130"}],"wp:attachment":[{"href":"https:\/\/hnozentrumwesel.de\/index.php?rest_route=%2Fwp%2Fv2%2Fmedia&parent=51"}],"curies":[{"name":"wp","href":"https:\/\/api.w.org\/{rel}","templated":true}]}}