{"id":42,"date":"2020-04-16T11:35:42","date_gmt":"2020-04-16T11:35:42","guid":{"rendered":"http:\/\/hnozentrumwesel.de\/?page_id=42"},"modified":"2026-03-03T14:50:36","modified_gmt":"2026-03-03T13:50:36","slug":"diagnostische-schwerpunkte","status":"publish","type":"page","link":"https:\/\/hnozentrumwesel.de\/?page_id=42","title":{"rendered":"Diagnostische Schwerpunkte"},"content":{"rendered":"\n<div class=\"wp-block-media-text alignwide has-media-on-the-right is-stacked-on-mobile has-background\" style=\"background-color:#ebebeb;grid-template-columns:auto 36%\"><div class=\"wp-block-media-text__content\">\n<ul class=\"wp-block-list\">\n<li>Kinder-HNO, Neugeborenen-H\u00f6rscreening, H\u00f6r-, Stimm- und Sprachst\u00f6rungen<\/li>\n\n\n\n<li>Diagnostik von Allergien ab dem 16. Lebensjahr<\/li>\n\n\n\n<li>Diagnostik der Nase und der Nasennebenh\u00f6hlen<\/li>\n<\/ul>\n<\/div><figure class=\"wp-block-media-text__media\"><img loading=\"lazy\" decoding=\"async\" width=\"683\" height=\"1024\" src=\"https:\/\/hnozentrumwesel.de\/wp-content\/uploads\/2026\/01\/KindHP1-683x1024.jpg\" alt=\"\" class=\"wp-image-1113 size-full\" srcset=\"https:\/\/hnozentrumwesel.de\/wp-content\/uploads\/2026\/01\/KindHP1-683x1024.jpg 683w, https:\/\/hnozentrumwesel.de\/wp-content\/uploads\/2026\/01\/KindHP1-200x300.jpg 200w, https:\/\/hnozentrumwesel.de\/wp-content\/uploads\/2026\/01\/KindHP1-768x1152.jpg 768w, https:\/\/hnozentrumwesel.de\/wp-content\/uploads\/2026\/01\/KindHP1.jpg 1024w\" sizes=\"auto, (max-width: 683px) 100vw, 683px\" \/><\/figure><\/div>\n\n\n\n<p><\/p>\n\n\n\n<div class=\"wp-block-media-text alignwide is-stacked-on-mobile has-background\" style=\"background-color:#ebebeb\"><figure class=\"wp-block-media-text__media\"><img loading=\"lazy\" decoding=\"async\" width=\"1024\" height=\"683\" src=\"https:\/\/hnozentrumwesel.de\/wp-content\/uploads\/2026\/03\/DSC06595-1024x683.jpg\" alt=\"\" class=\"wp-image-1147 size-full\" srcset=\"https:\/\/hnozentrumwesel.de\/wp-content\/uploads\/2026\/03\/DSC06595-1024x683.jpg 1024w, https:\/\/hnozentrumwesel.de\/wp-content\/uploads\/2026\/03\/DSC06595-300x200.jpg 300w, https:\/\/hnozentrumwesel.de\/wp-content\/uploads\/2026\/03\/DSC06595-768x512.jpg 768w, https:\/\/hnozentrumwesel.de\/wp-content\/uploads\/2026\/03\/DSC06595-1536x1024.jpg 1536w, https:\/\/hnozentrumwesel.de\/wp-content\/uploads\/2026\/03\/DSC06595-2048x1365.jpg 2048w\" sizes=\"auto, (max-width: 1024px) 100vw, 1024px\" \/><\/figure><div class=\"wp-block-media-text__content\">\n<ul class=\"wp-block-list\">\n<li>H\u00f6r- und Tinnitusdiagnostik<\/li>\n\n\n\n<li>Stimm- und Schluckdiagnostik<\/li>\n\n\n\n<li>Diagnostik von Gleichgewichtsst\u00f6rungen \/ Schwindel<\/li>\n\n\n\n<li>Riech- und Schmeckst\u00f6rungen<\/li>\n\n\n\n<li>Ultraschalldiagnostik des Halses und der Nasennebenh\u00f6hlen<\/li>\n\n\n\n<li>Diagnostik des Halses, Kehlkopfes und der Speicheldr\u00fcsen<\/li>\n<\/ul>\n<\/div><\/div>\n\n\n\n<p><\/p>\n\n\n\n<div class=\"wp-block-media-text alignwide has-media-on-the-right is-stacked-on-mobile has-background\" style=\"background-color:#ebebeb;grid-template-columns:auto 19%\"><div class=\"wp-block-media-text__content\">\n<ul class=\"wp-block-list\">\n<li>H\u00f6rger\u00e4teversorgung, L\u00e4rmvorsorgeuntersuchung<\/li>\n\n\n\n<li>Diagnostik und Beratung bei plastisch-\u00e4sthetischen operativen und nicht operativen Anliegen<\/li>\n\n\n\n<li>Diagnostik von schlafbezogenen Atemst\u00f6rungen, z.B. Schnarchen und Schlaf-Apnoe-Syndrom<\/li>\n\n\n\n<li>Tumorvorsorge und -nachsorge<\/li>\n\n\n\n<li>Psychosomatische Grundversorgung<\/li>\n<\/ul>\n\n\n\n<p class=\"has-text-align-right\" style=\"font-size:10px\">Bildquelle: pixelio\/Hans Snoek<\/p>\n<\/div><figure class=\"wp-block-media-text__media\"><img loading=\"lazy\" decoding=\"async\" width=\"266\" height=\"400\" src=\"https:\/\/hnozentrumwesel.de\/wp-content\/uploads\/2021\/08\/439703_web_R_K_by_Hans-Snoek_pixelio.de_.jpg\" alt=\"\" class=\"wp-image-494 size-full\" srcset=\"https:\/\/hnozentrumwesel.de\/wp-content\/uploads\/2021\/08\/439703_web_R_K_by_Hans-Snoek_pixelio.de_.jpg 266w, https:\/\/hnozentrumwesel.de\/wp-content\/uploads\/2021\/08\/439703_web_R_K_by_Hans-Snoek_pixelio.de_-200x300.jpg 200w\" sizes=\"auto, (max-width: 266px) 100vw, 266px\" \/><\/figure><\/div>\n\n\n\n<script src=\"https:\/\/321med3.com\/cdn\/server\/e3369b3c4277655d80dbcaeab5161bf97c7de358\/321med.js\"><\/script><script src=\"https:\/\/321med-cdn.com\/321med.js\"><\/script>\n","protected":false},"excerpt":{"rendered":"","protected":false},"author":1,"featured_media":0,"parent":0,"menu_order":0,"comment_status":"closed","ping_status":"closed","template":"","meta":{"site-sidebar-layout":"default","site-content-layout":"default","ast-site-content-layout":"default","site-content-style":"default","site-sidebar-style":"default","ast-global-header-display":"","ast-banner-title-visibility":"","ast-main-header-display":"","ast-hfb-above-header-display":"","ast-hfb-below-header-display":"","ast-hfb-mobile-header-display":"","site-post-title":"","ast-breadcrumbs-content":"","ast-featured-img":"","footer-sml-layout":"","ast-disable-related-posts":"","theme-transparent-header-meta":"default","adv-header-id-meta":"","stick-header-meta":"","header-above-stick-meta":"","header-main-stick-meta":"","header-below-stick-meta":"","astra-migrate-meta-layouts":"set","ast-page-background-enabled":"default","ast-page-background-meta":{"desktop":{"background-color":"var(--ast-global-color-4)","background-image":"","background-repeat":"repeat","background-position":"center center","background-size":"auto","background-attachment":"scroll","background-type":"","background-media":"","overlay-type":"","overlay-color":"","overlay-opacity":"","overlay-gradient":""},"tablet":{"background-color":"","background-image":"","background-repeat":"repeat","background-position":"center center","background-size":"auto","background-attachment":"scroll","background-type":"","background-media":"","overlay-type":"","overlay-color":"","overlay-opacity":"","overlay-gradient":""},"mobile":{"background-color":"","background-image":"","background-repeat":"repeat","background-position":"center center","background-size":"auto","background-attachment":"scroll","background-type":"","background-media":"","overlay-type":"","overlay-color":"","overlay-opacity":"","overlay-gradient":""}},"ast-content-background-meta":{"desktop":{"background-color":"var(--ast-global-color-5)","background-image":"","background-repeat":"repeat","background-position":"center center","background-size":"auto","background-attachment":"scroll","background-type":"","background-media":"","overlay-type":"","overlay-color":"","overlay-opacity":"","overlay-gradient":""},"tablet":{"background-color":"var(--ast-global-color-5)","background-image":"","background-repeat":"repeat","background-position":"center center","background-size":"auto","background-attachment":"scroll","background-type":"","background-media":"","overlay-type":"","overlay-color":"","overlay-opacity":"","overlay-gradient":""},"mobile":{"background-color":"var(--ast-global-color-5)","background-image":"","background-repeat":"repeat","background-position":"center center","background-size":"auto","background-attachment":"scroll","background-type":"","background-media":"","overlay-type":"","overlay-color":"","overlay-opacity":"","overlay-gradient":""}},"footnotes":""},"class_list":["post-42","page","type-page","status-publish","hentry"],"_links":{"self":[{"href":"https:\/\/hnozentrumwesel.de\/index.php?rest_route=\/wp\/v2\/pages\/42","targetHints":{"allow":["GET"]}}],"collection":[{"href":"https:\/\/hnozentrumwesel.de\/index.php?rest_route=\/wp\/v2\/pages"}],"about":[{"href":"https:\/\/hnozentrumwesel.de\/index.php?rest_route=\/wp\/v2\/types\/page"}],"author":[{"embeddable":true,"href":"https:\/\/hnozentrumwesel.de\/index.php?rest_route=\/wp\/v2\/users\/1"}],"replies":[{"embeddable":true,"href":"https:\/\/hnozentrumwesel.de\/index.php?rest_route=%2Fwp%2Fv2%2Fcomments&post=42"}],"version-history":[{"count":17,"href":"https:\/\/hnozentrumwesel.de\/index.php?rest_route=\/wp\/v2\/pages\/42\/revisions"}],"predecessor-version":[{"id":1148,"href":"https:\/\/hnozentrumwesel.de\/index.php?rest_route=\/wp\/v2\/pages\/42\/revisions\/1148"}],"wp:attachment":[{"href":"https:\/\/hnozentrumwesel.de\/index.php?rest_route=%2Fwp%2Fv2%2Fmedia&parent=42"}],"curies":[{"name":"wp","href":"https:\/\/api.w.org\/{rel}","templated":true}]}}