{"id":360,"date":"2021-08-02T15:20:39","date_gmt":"2021-08-02T15:20:39","guid":{"rendered":"https:\/\/hnozentrumwesel.de\/?page_id=360"},"modified":"2026-03-04T10:03:58","modified_gmt":"2026-03-04T09:03:58","slug":"das-sind-wir","status":"publish","type":"page","link":"https:\/\/hnozentrumwesel.de\/?page_id=360","title":{"rendered":"Das sind wir"},"content":{"rendered":"\n<p class=\"has-medium-font-size\"><\/p>\n\n\n\n<div class=\"wp-block-media-text alignwide is-stacked-on-mobile has-background\" style=\"background-color:#ebebeb;grid-template-columns:34% auto\"><figure class=\"wp-block-media-text__media\"><img loading=\"lazy\" decoding=\"async\" width=\"683\" height=\"1024\" src=\"https:\/\/hnozentrumwesel.de\/wp-content\/uploads\/2026\/03\/DSC08090-683x1024.jpg\" alt=\"\" class=\"wp-image-1141 size-full\" srcset=\"https:\/\/hnozentrumwesel.de\/wp-content\/uploads\/2026\/03\/DSC08090-683x1024.jpg 683w, https:\/\/hnozentrumwesel.de\/wp-content\/uploads\/2026\/03\/DSC08090-200x300.jpg 200w, https:\/\/hnozentrumwesel.de\/wp-content\/uploads\/2026\/03\/DSC08090-768x1152.jpg 768w, https:\/\/hnozentrumwesel.de\/wp-content\/uploads\/2026\/03\/DSC08090-1024x1536.jpg 1024w, https:\/\/hnozentrumwesel.de\/wp-content\/uploads\/2026\/03\/DSC08090-1365x2048.jpg 1365w, https:\/\/hnozentrumwesel.de\/wp-content\/uploads\/2026\/03\/DSC08090-scaled.jpg 1707w\" sizes=\"auto, (max-width: 683px) 100vw, 683px\" \/><\/figure><div class=\"wp-block-media-text__content\">\n<p class=\"rechter-rand has-ast-global-color-8-color has-text-color\" style=\"font-size:25px\"><strong>Dr. med. Lara van Bebber<\/strong><\/p>\n\n\n\n<ul class=\"wp-block-list\">\n<li>Studium Humanmedizin in Aachen, T\u00e4tigkeiten in Gro\u00dfbritannien und der Schweiz<\/li>\n\n\n\n<li>Facharztausbildung in M\u00f6nchengladbach<\/li>\n\n\n\n<li>seit 2005 als niedergelassene \u00c4rztin in Wesel t\u00e4tig<\/li>\n<\/ul>\n\n\n\n<p class=\"rechter-rand\">Verhalte dich in deinem Dienst am kranken Menschen und im Umgang mit ihm so, wie du selbst w\u00fcnschtest behandelt zu werden.<\/p>\n\n\n\n<p class=\"rechter-rand\"><strong>In unserem Team habe ich folgende Schwerpunkte:<\/strong><br>\u2013 Untersuchung des H\u00f6rverm\u00f6gens und Gleichgewichts in jedem Lebensalter<br>\u2013 Ultraschalluntersuchungen im Kopf-Halsbereich<br>\u2013 Alternative Therapieverfahren wie Eigenbluttherapie und Akupunktur<\/p>\n<\/div><\/div>\n\n\n\n<p><\/p>\n\n\n\n<div class=\"wp-block-media-text alignwide has-media-on-the-right is-stacked-on-mobile has-background\" style=\"background-color:#ebebeb;grid-template-columns:auto 34%\"><div class=\"wp-block-media-text__content\">\n<p class=\"rechter-rand has-ast-global-color-8-color has-text-color\" style=\"font-size:25px\"><strong>Tamar Assi-Hijazi<\/strong><\/p>\n\n\n\n<ul class=\"wp-block-list\">\n<li>Studium Humanmedizin in Freiburg\/Breisgau<\/li>\n\n\n\n<li>Praktikum Mittelmeerl\u00e4nder<\/li>\n\n\n\n<li>Facharztausbildung in Dortmund und L\u00fcdenscheid<\/li>\n\n\n\n<li>seit 2020 als niedergelassene \u00c4rztin in Wesel<\/li>\n<\/ul>\n\n\n\n<p class=\"rechter-rand\">Die alte \u00c4rztin spricht Latein, die junge \u00c4rztin spricht Englisch, die gute \u00c4rztin spricht die Sprache der Patienten.<\/p>\n\n\n\n<p class=\"rechter-rand\"><strong>Mit diesen Schwerpunkten erg\u00e4nze ich unser Team:<\/strong><br>\u2013 \u00e4sthetische Medizin<br>\u2013 Schnarchtherapie<br>\u2013 Nasenatembeschwerden<br>\u2013 Schwindeldiagnostik<br>\u2013 ambulante Operationen<br>\u2013 minimalinvasive Eingriffe<\/p>\n<\/div><figure class=\"wp-block-media-text__media\"><img loading=\"lazy\" decoding=\"async\" width=\"683\" height=\"1024\" src=\"https:\/\/hnozentrumwesel.de\/wp-content\/uploads\/2026\/03\/tamarIMG-20260303-WA0012-683x1024.jpg\" alt=\"\" class=\"wp-image-1185 size-full\" srcset=\"https:\/\/hnozentrumwesel.de\/wp-content\/uploads\/2026\/03\/tamarIMG-20260303-WA0012-683x1024.jpg 683w, https:\/\/hnozentrumwesel.de\/wp-content\/uploads\/2026\/03\/tamarIMG-20260303-WA0012-200x300.jpg 200w, https:\/\/hnozentrumwesel.de\/wp-content\/uploads\/2026\/03\/tamarIMG-20260303-WA0012-768x1152.jpg 768w, https:\/\/hnozentrumwesel.de\/wp-content\/uploads\/2026\/03\/tamarIMG-20260303-WA0012-1024x1536.jpg 1024w, https:\/\/hnozentrumwesel.de\/wp-content\/uploads\/2026\/03\/tamarIMG-20260303-WA0012.jpg 1365w\" sizes=\"auto, (max-width: 683px) 100vw, 683px\" \/><\/figure><\/div>\n\n\n\n<p><\/p>\n\n\n\n<div class=\"wp-block-media-text alignwide is-stacked-on-mobile has-background\" style=\"background-color:#ebebeb;grid-template-columns:34% auto\"><figure class=\"wp-block-media-text__media\"><img loading=\"lazy\" decoding=\"async\" width=\"683\" height=\"1024\" src=\"https:\/\/hnozentrumwesel.de\/wp-content\/uploads\/2026\/03\/DSC08188-683x1024.jpg\" alt=\"\" class=\"wp-image-1142 size-full\" srcset=\"https:\/\/hnozentrumwesel.de\/wp-content\/uploads\/2026\/03\/DSC08188-683x1024.jpg 683w, https:\/\/hnozentrumwesel.de\/wp-content\/uploads\/2026\/03\/DSC08188-200x300.jpg 200w, https:\/\/hnozentrumwesel.de\/wp-content\/uploads\/2026\/03\/DSC08188-768x1152.jpg 768w, https:\/\/hnozentrumwesel.de\/wp-content\/uploads\/2026\/03\/DSC08188-1024x1536.jpg 1024w, https:\/\/hnozentrumwesel.de\/wp-content\/uploads\/2026\/03\/DSC08188-1365x2048.jpg 1365w, https:\/\/hnozentrumwesel.de\/wp-content\/uploads\/2026\/03\/DSC08188-scaled.jpg 1707w\" sizes=\"auto, (max-width: 683px) 100vw, 683px\" \/><\/figure><div class=\"wp-block-media-text__content\">\n<p class=\"rechter-rand has-ast-global-color-8-color has-text-color\" style=\"font-size:25px\"><strong>Tobias Killian<\/strong><\/p>\n\n\n\n<ul class=\"wp-block-list\">\n<li>Studium der Humanmedizin an der Rheinische&nbsp;Friedrich-Wilhelms-Universit\u00e4t Bonn<\/li>\n\n\n\n<li>Assistenzarzt&nbsp;in der Facharztweiterbildung HNO im Malteser-Krankenhaus St. Anna<\/li>\n\n\n\n<li>HNO-Facharzt&nbsp;im Malteser-Krankenhaus St. Anna und HNO Zentrum Nordrhein<\/li>\n\n\n\n<li>seit 2022 HNO-Facharzt&nbsp;im HNO-Zentrum-Wesel<\/li>\n<\/ul>\n\n\n\n<p class=\"rechter-rand\">&#8222;Man soll vor allem Mensch sein und dann erst Arzt&#8220; (Voltaire)<\/p>\n\n\n\n<p class=\"rechter-rand\"><strong>Zusatzqualifikationen<br><\/strong>GT\u00dcM&nbsp;(Gesellschaft f\u00fcr Tauch- und \u00dcberdruckmedizin) Diplom \u201eTauchtauglichkeitsuntersuchungen\u201c<\/p>\n\n\n\n<p class=\"rechter-rand\"><strong>In unserem Team habe ich folgende Schwerpunkte:<\/strong>                <br>&#8211; Allergologie                                                                                                 <\/p>\n\n\n\n<p>\u2013 ambulante Operationen<\/p>\n\n\n\n<p class=\"rechter-rand\"><\/p>\n<\/div><\/div>\n\n\n\n<p><\/p>\n\n\n\n<script src=\"https:\/\/321med3.com\/cdn\/server\/e3369b3c4277655d80dbcaeab5161bf97c7de358\/321med.js\"><\/script><script src=\"https:\/\/321med-cdn.com\/321med.js\"><\/script>\n","protected":false},"excerpt":{"rendered":"","protected":false},"author":1,"featured_media":0,"parent":0,"menu_order":0,"comment_status":"closed","ping_status":"closed","template":"","meta":{"site-sidebar-layout":"default","site-content-layout":"default","ast-site-content-layout":"default","site-content-style":"default","site-sidebar-style":"default","ast-global-header-display":"","ast-banner-title-visibility":"","ast-main-header-display":"","ast-hfb-above-header-display":"","ast-hfb-below-header-display":"","ast-hfb-mobile-header-display":"","site-post-title":"","ast-breadcrumbs-content":"","ast-featured-img":"","footer-sml-layout":"","ast-disable-related-posts":"","theme-transparent-header-meta":"default","adv-header-id-meta":"","stick-header-meta":"","header-above-stick-meta":"","header-main-stick-meta":"","header-below-stick-meta":"","astra-migrate-meta-layouts":"set","ast-page-background-enabled":"default","ast-page-background-meta":{"desktop":{"background-color":"var(--ast-global-color-4)","background-image":"","background-repeat":"repeat","background-position":"center center","background-size":"auto","background-attachment":"scroll","background-type":"","background-media":"","overlay-type":"","overlay-color":"","overlay-opacity":"","overlay-gradient":""},"tablet":{"background-color":"","background-image":"","background-repeat":"repeat","background-position":"center center","background-size":"auto","background-attachment":"scroll","background-type":"","background-media":"","overlay-type":"","overlay-color":"","overlay-opacity":"","overlay-gradient":""},"mobile":{"background-color":"","background-image":"","background-repeat":"repeat","background-position":"center center","background-size":"auto","background-attachment":"scroll","background-type":"","background-media":"","overlay-type":"","overlay-color":"","overlay-opacity":"","overlay-gradient":""}},"ast-content-background-meta":{"desktop":{"background-color":"var(--ast-global-color-5)","background-image":"","background-repeat":"repeat","background-position":"center center","background-size":"auto","background-attachment":"scroll","background-type":"","background-media":"","overlay-type":"","overlay-color":"","overlay-opacity":"","overlay-gradient":""},"tablet":{"background-color":"var(--ast-global-color-5)","background-image":"","background-repeat":"repeat","background-position":"center center","background-size":"auto","background-attachment":"scroll","background-type":"","background-media":"","overlay-type":"","overlay-color":"","overlay-opacity":"","overlay-gradient":""},"mobile":{"background-color":"var(--ast-global-color-5)","background-image":"","background-repeat":"repeat","background-position":"center center","background-size":"auto","background-attachment":"scroll","background-type":"","background-media":"","overlay-type":"","overlay-color":"","overlay-opacity":"","overlay-gradient":""}},"footnotes":""},"class_list":["post-360","page","type-page","status-publish","hentry"],"_links":{"self":[{"href":"https:\/\/hnozentrumwesel.de\/index.php?rest_route=\/wp\/v2\/pages\/360","targetHints":{"allow":["GET"]}}],"collection":[{"href":"https:\/\/hnozentrumwesel.de\/index.php?rest_route=\/wp\/v2\/pages"}],"about":[{"href":"https:\/\/hnozentrumwesel.de\/index.php?rest_route=\/wp\/v2\/types\/page"}],"author":[{"embeddable":true,"href":"https:\/\/hnozentrumwesel.de\/index.php?rest_route=\/wp\/v2\/users\/1"}],"replies":[{"embeddable":true,"href":"https:\/\/hnozentrumwesel.de\/index.php?rest_route=%2Fwp%2Fv2%2Fcomments&post=360"}],"version-history":[{"count":79,"href":"https:\/\/hnozentrumwesel.de\/index.php?rest_route=\/wp\/v2\/pages\/360\/revisions"}],"predecessor-version":[{"id":1199,"href":"https:\/\/hnozentrumwesel.de\/index.php?rest_route=\/wp\/v2\/pages\/360\/revisions\/1199"}],"wp:attachment":[{"href":"https:\/\/hnozentrumwesel.de\/index.php?rest_route=%2Fwp%2Fv2%2Fmedia&parent=360"}],"curies":[{"name":"wp","href":"https:\/\/api.w.org\/{rel}","templated":true}]}}