{"id":35,"date":"2020-04-16T11:28:27","date_gmt":"2020-04-16T11:28:27","guid":{"rendered":"http:\/\/hnozentrumwesel.de\/?page_id=35"},"modified":"2026-03-05T09:26:33","modified_gmt":"2026-03-05T08:26:33","slug":"sprechzeiten","status":"publish","type":"page","link":"https:\/\/hnozentrumwesel.de\/?page_id=35","title":{"rendered":"Sprechzeiten"},"content":{"rendered":"\n<div class=\"wp-block-media-text alignwide has-media-on-the-right is-stacked-on-mobile is-vertically-aligned-center has-background\" style=\"background-color:#ebebeb\"><div class=\"wp-block-media-text__content\">\n<p class=\"rechter-rand has-ast-global-color-8-color has-text-color\"><strong>Montag | Dienstag | Donnerstag<\/strong><br>08:30 \u2013 12:00 Uhr<br>15:00 \u2013 17:30 Uhr<br><strong>Mittwoch<\/strong><br>08:30 \u2013 12:00 Uhr<br><strong>Freitag<\/strong><br>08:30 \u2013 12:00 Uhr und nach Vereinbarung<\/p>\n<\/div><figure class=\"wp-block-media-text__media\"><img loading=\"lazy\" decoding=\"async\" width=\"683\" height=\"1024\" src=\"https:\/\/hnozentrumwesel.de\/wp-content\/uploads\/2026\/03\/DSC08209-683x1024.jpg\" alt=\"\" class=\"wp-image-1137 size-full\" srcset=\"https:\/\/hnozentrumwesel.de\/wp-content\/uploads\/2026\/03\/DSC08209-683x1024.jpg 683w, https:\/\/hnozentrumwesel.de\/wp-content\/uploads\/2026\/03\/DSC08209-200x300.jpg 200w, https:\/\/hnozentrumwesel.de\/wp-content\/uploads\/2026\/03\/DSC08209-768x1152.jpg 768w, https:\/\/hnozentrumwesel.de\/wp-content\/uploads\/2026\/03\/DSC08209-1024x1536.jpg 1024w, https:\/\/hnozentrumwesel.de\/wp-content\/uploads\/2026\/03\/DSC08209-1365x2048.jpg 1365w, https:\/\/hnozentrumwesel.de\/wp-content\/uploads\/2026\/03\/DSC08209-scaled.jpg 1707w\" sizes=\"auto, (max-width: 683px) 100vw, 683px\" \/><\/figure><\/div>\n\n\n\n<p><\/p>\n\n\n\n<div class=\"wp-block-media-text alignwide is-stacked-on-mobile has-background\" style=\"background-color:#ebebeb\"><figure class=\"wp-block-media-text__media\"><img loading=\"lazy\" decoding=\"async\" width=\"1024\" height=\"683\" src=\"https:\/\/hnozentrumwesel.de\/wp-content\/uploads\/2026\/03\/DSC06627-1024x683.jpg\" alt=\"\" class=\"wp-image-1139 size-full\" srcset=\"https:\/\/hnozentrumwesel.de\/wp-content\/uploads\/2026\/03\/DSC06627-1024x683.jpg 1024w, https:\/\/hnozentrumwesel.de\/wp-content\/uploads\/2026\/03\/DSC06627-300x200.jpg 300w, https:\/\/hnozentrumwesel.de\/wp-content\/uploads\/2026\/03\/DSC06627-768x512.jpg 768w, https:\/\/hnozentrumwesel.de\/wp-content\/uploads\/2026\/03\/DSC06627-1536x1024.jpg 1536w, https:\/\/hnozentrumwesel.de\/wp-content\/uploads\/2026\/03\/DSC06627-2048x1365.jpg 2048w\" sizes=\"auto, (max-width: 1024px) 100vw, 1024px\" \/><\/figure><div class=\"wp-block-media-text__content\">\n<p class=\"rechter-rand has-ast-global-color-8-color has-text-color has-normal-font-size\"><strong>Telefonische Erreichbarkeit:<\/strong><br><strong>Montag | Dienstag | Donnerstag<\/strong><br>09:00 &#8211; 11:00 Uhr<br>15:00 &#8211; 17:00 Uhr<br><strong>Mittwoch<\/strong><br>09:00 &#8211; 11:00 Uhr<br><strong>Freitag<\/strong><br>09:00 &#8211; 11:00 Uhr            <br>Telefon: 0281 &#8211; 2 22 00<\/p>\n<\/div><\/div>\n\n\n\n<p><\/p>\n\n\n\n<div class=\"wp-block-media-text alignwide has-media-on-the-right is-stacked-on-mobile rechter-rand has-background\" style=\"background-color:#ebebeb\"><div class=\"wp-block-media-text__content\">\n<p class=\"rechter-rand has-ast-global-color-8-color has-text-color has-medium-font-size\"><strong>Rezept- und Verordnungsbestellungen leicht gemacht<\/strong><\/p>\n\n\n\n<p class=\"rechter-rand has-ast-global-color-8-color has-text-color\">Liebe Patientinnen und Patienten,<br>f\u00fcr Rezeptbestellungen, Einweisungen und Verordnungen nutzen Sie bitte unsere Online-Rezeption (rechts unten auf der Webseite).<\/p>\n\n\n\n<p class=\"rechter-rand has-ast-global-color-8-color has-text-color\">Auch f\u00fcr weitere Anliegen steht Ihnen dieses Portal zur Verf\u00fcgung<br><br>Bitte haben Sie Verst\u00e4ndnis, dass Termin- oder Befundanfragen und allgemeine Fragen nicht per E-Mail beantwortet werden k\u00f6nnen!<\/p>\n\n\n\n<p class=\"rechter-rand has-ast-global-color-8-color has-text-color\">Vielen Dank f\u00fcr Ihr Vertrauen!<\/p>\n\n\n\n<p class=\"has-text-align-right\" style=\"font-size:10px\">Bildquelle: pixelio\/Matthias Preisinger<\/p>\n<\/div><figure class=\"wp-block-media-text__media\"><img loading=\"lazy\" decoding=\"async\" width=\"400\" height=\"300\" src=\"https:\/\/hnozentrumwesel.de\/wp-content\/uploads\/2021\/08\/569835_web_R_K_by_Matthias-Preisinger_pixelio.de_.jpg\" alt=\"\" class=\"wp-image-487 size-full\" srcset=\"https:\/\/hnozentrumwesel.de\/wp-content\/uploads\/2021\/08\/569835_web_R_K_by_Matthias-Preisinger_pixelio.de_.jpg 400w, https:\/\/hnozentrumwesel.de\/wp-content\/uploads\/2021\/08\/569835_web_R_K_by_Matthias-Preisinger_pixelio.de_-300x225.jpg 300w\" sizes=\"auto, (max-width: 400px) 100vw, 400px\" \/><\/figure><\/div>\n\n\n\n<div class=\"inherit-container-width wp-block-group is-layout-constrained wp-block-group-is-layout-constrained\"><div class=\"wp-block-group__inner-container\">\n<div class=\"wp-block-columns is-layout-flex wp-container-core-columns-is-layout-28f84493 wp-block-columns-is-layout-flex\">\n<div class=\"wp-block-column is-layout-flow wp-block-column-is-layout-flow\" style=\"flex-basis:100%\"><\/div>\n<\/div>\n<\/div><\/div>\n\n\n\n<p><\/p>\n\n\n\n<script src=\"https:\/\/321med3.com\/cdn\/server\/e3369b3c4277655d80dbcaeab5161bf97c7de358\/321med.js\"><\/script><script src=\"https:\/\/321med-cdn.com\/321med.js\"><\/script>\n","protected":false},"excerpt":{"rendered":"<p>Montag | Dienstag | Donnerstag08:30 \u2013 12:00 Uhr15:00 \u2013 17:30 UhrMittwoch08:30 \u2013 12:00 UhrFreitag08:30 \u2013 12:00 Uhr und nach Vereinbarung Telefonische Erreichbarkeit:Montag | Dienstag | Donnerstag09:00 &#8211; 11:00 Uhr15:00 &#8211; 17:00 UhrMittwoch09:00 &#8211; 11:00 UhrFreitag09:00 &#8211; 11:00 Uhr Telefon: 0281 &#8211; 2 22 00 Rezept- und Verordnungsbestellungen leicht gemacht Liebe Patientinnen und Patienten,f\u00fcr Rezeptbestellungen, Einweisungen [&hellip;]<\/p>\n","protected":false},"author":1,"featured_media":0,"parent":0,"menu_order":0,"comment_status":"closed","ping_status":"closed","template":"","meta":{"site-sidebar-layout":"default","site-content-layout":"default","ast-site-content-layout":"default","site-content-style":"default","site-sidebar-style":"default","ast-global-header-display":"","ast-banner-title-visibility":"","ast-main-header-display":"","ast-hfb-above-header-display":"","ast-hfb-below-header-display":"","ast-hfb-mobile-header-display":"","site-post-title":"","ast-breadcrumbs-content":"","ast-featured-img":"","footer-sml-layout":"","ast-disable-related-posts":"","theme-transparent-header-meta":"default","adv-header-id-meta":"","stick-header-meta":"","header-above-stick-meta":"","header-main-stick-meta":"","header-below-stick-meta":"","astra-migrate-meta-layouts":"set","ast-page-background-enabled":"default","ast-page-background-meta":{"desktop":{"background-color":"var(--ast-global-color-4)","background-image":"","background-repeat":"repeat","background-position":"center center","background-size":"auto","background-attachment":"scroll","background-type":"","background-media":"","overlay-type":"","overlay-color":"","overlay-opacity":"","overlay-gradient":""},"tablet":{"background-color":"","background-image":"","background-repeat":"repeat","background-position":"center center","background-size":"auto","background-attachment":"scroll","background-type":"","background-media":"","overlay-type":"","overlay-color":"","overlay-opacity":"","overlay-gradient":""},"mobile":{"background-color":"","background-image":"","background-repeat":"repeat","background-position":"center center","background-size":"auto","background-attachment":"scroll","background-type":"","background-media":"","overlay-type":"","overlay-color":"","overlay-opacity":"","overlay-gradient":""}},"ast-content-background-meta":{"desktop":{"background-color":"var(--ast-global-color-5)","background-image":"","background-repeat":"repeat","background-position":"center center","background-size":"auto","background-attachment":"scroll","background-type":"","background-media":"","overlay-type":"","overlay-color":"","overlay-opacity":"","overlay-gradient":""},"tablet":{"background-color":"var(--ast-global-color-5)","background-image":"","background-repeat":"repeat","background-position":"center center","background-size":"auto","background-attachment":"scroll","background-type":"","background-media":"","overlay-type":"","overlay-color":"","overlay-opacity":"","overlay-gradient":""},"mobile":{"background-color":"var(--ast-global-color-5)","background-image":"","background-repeat":"repeat","background-position":"center center","background-size":"auto","background-attachment":"scroll","background-type":"","background-media":"","overlay-type":"","overlay-color":"","overlay-opacity":"","overlay-gradient":""}},"footnotes":""},"class_list":["post-35","page","type-page","status-publish","hentry"],"_links":{"self":[{"href":"https:\/\/hnozentrumwesel.de\/index.php?rest_route=\/wp\/v2\/pages\/35","targetHints":{"allow":["GET"]}}],"collection":[{"href":"https:\/\/hnozentrumwesel.de\/index.php?rest_route=\/wp\/v2\/pages"}],"about":[{"href":"https:\/\/hnozentrumwesel.de\/index.php?rest_route=\/wp\/v2\/types\/page"}],"author":[{"embeddable":true,"href":"https:\/\/hnozentrumwesel.de\/index.php?rest_route=\/wp\/v2\/users\/1"}],"replies":[{"embeddable":true,"href":"https:\/\/hnozentrumwesel.de\/index.php?rest_route=%2Fwp%2Fv2%2Fcomments&post=35"}],"version-history":[{"count":57,"href":"https:\/\/hnozentrumwesel.de\/index.php?rest_route=\/wp\/v2\/pages\/35\/revisions"}],"predecessor-version":[{"id":1206,"href":"https:\/\/hnozentrumwesel.de\/index.php?rest_route=\/wp\/v2\/pages\/35\/revisions\/1206"}],"wp:attachment":[{"href":"https:\/\/hnozentrumwesel.de\/index.php?rest_route=%2Fwp%2Fv2%2Fmedia&parent=35"}],"curies":[{"name":"wp","href":"https:\/\/api.w.org\/{rel}","templated":true}]}}