{"id":25,"date":"2020-04-16T11:11:12","date_gmt":"2020-04-16T11:11:12","guid":{"rendered":"http:\/\/hnozentrumwesel.de\/?page_id=25"},"modified":"2026-01-22T11:46:33","modified_gmt":"2026-01-22T10:46:33","slug":"impressum","status":"publish","type":"page","link":"https:\/\/hnozentrumwesel.de\/?page_id=25","title":{"rendered":"Impressum"},"content":{"rendered":"\n<p>HNO-Zentrum-Wesel<br>Hohe Stra\u00dfe 27<br>46483 Wesel<br>Deutschland<\/p>\n\n\n\n<p>Telefon: 0281-2 22 00<br><br>E-Mail: hno-zentrum-wesel@t-online.de<\/p>\n\n\n\n<p><strong>Berufsbezeichnungen<\/strong><br><br>&#8211; Dr. med. Lara van Bebber:<br> \u00c4rztin (verliehen in der Bundesrepublik Deutschland)<br>&#8211; Tamar Assi-Hijazi:<br> \u00c4rztin (verliehen in der Bundesrepublik Deutschland)<br>&#8211; Tobias Killian:<br> Arzt (verliehen in der Bundesrepublik Deutschland)<\/p>\n\n\n\n<p><strong>Zust\u00e4ndige \u00c4rztekammer:<\/strong><br>\u00c4rztekammer Nordrhein<br>Tersteegenstr. 9<br>40474 D\u00fcsseldorf<br>www.aekno.de<\/p>\n\n\n\n<p><strong>Zust\u00e4ndige Aufsichtsbeh\u00f6rde:<\/strong><br>Kassen\u00e4rztliche Vereinigung Nordrhein<br>Tersteegenstr. 9<br>40474 D\u00fcsseldorf<br>www.kvno.de<\/p>\n\n\n\n<p><strong>Berufsrechtliche Regelung:<\/strong><br>&#8211; Berufsordnung der \u00c4rztekammer Nordrhein<br>&#8211; Heilberufsgesetz des Landes NRW<\/p>\n\n\n\n<p><strong>Inhaltlich verantwortlich:<\/strong><br>Dr. med. Lara van Bebber, Tamar Assi-Hijazi<\/p>\n\n\n\n<p><strong>Bildrechte:<\/strong><br>HNO-Zentrum-Wesel<br><a href=\"http:\/\/www.pixelio.de\" data-type=\"URL\" data-id=\"www.pixelio.de\" target=\"_blank\" rel=\"noreferrer noopener\">www.pixelio.de<\/a><\/p>\n\n\n\n<p><strong>Hinweise zu externen Links:&nbsp;<\/strong><br>Mit Urteil vom 12. Mai 1998 hat das Landesgericht Hamburg entschieden, dass man durch die Einrichtung eines Links die Inhalte der gelinkten Seite gegebenenfalls mit zu verantworten hat. Dies kann, so das Landesgericht, nur dadurch verhindert werden, dass man sich ausdr\u00fccklich von diesen Inhalten distanziert.&nbsp;<\/p>\n\n\n\n<p>Daher erkl\u00e4ren wir hiermit \u00f6ffentlich :&nbsp;<br>Diese Website kann Hyperlinks auf Websites enthalten, die von anderer Seite als vom HNO-Zentrum-Wesel betrieben werden. Diese Hyperlinks werden lediglich als Verweise zur Verf\u00fcgung gestellt. Das HNO-Zentrum-Wesel verwaltet diese Websites nicht und \u00fcbernimmt keine Verantwortung f\u00fcr deren Inhalt. Die Einbeziehung dieser Hyperlinks, die auf diese Websites verweisen, impliziert weder eine Best\u00e4tigung der Angaben auf diese Websites noch dr\u00fcckt diese eine Verbindung mit deren Betreibern aus.<\/p>\n\n\n\n<p><strong>Alternative Streitbeilegung gem\u00e4\u00df Art. 14 Abs. 1 ODR-VO und \u00a7 36 VSBG:<\/strong><br>Die Europ\u00e4ische Kommission stellt eine Plattform zur Online-Streitbeilegung (OS) bereit, die Sie unter&nbsp;<a rel=\"noreferrer noopener\" href=\"https:\/\/ec.europa.eu\/consumers\/odr\" target=\"_blank\">https:\/\/ec.europa.eu\/consumers\/odr<\/a>&nbsp;finden. Wir sind bereit, an einem au\u00dfergerichtlichen Schlichtungsverfahren teilzunehmen.<\/p>\n\n\n\n<p>Die Europ\u00e4ische Kommission stellt eine Plattform zur Online-Streitbeilegung (OS) bereit, die Sie hier finden&nbsp;<a rel=\"noreferrer noopener\" href=\"https:\/\/ec.europa.eu\/consumers\/odr\/\" target=\"_blank\">https:\/\/ec.europa.eu\/consumers\/odr\/<\/a>. Wir sind bereit, an einem au\u00dfergerichtlichen Schlichtungsverfahren vor einer Verbraucherschlichtungsstelle teilzunehmen. Zust\u00e4ndig ist die Allgemeine Verbraucherschlichtungsstelle des Zentrums f\u00fcr Schlichtung e.V., Stra\u00dfburger Stra\u00dfe 8, 77694 Kehl am Rhein,&nbsp;<a rel=\"noreferrer noopener\" href=\"http:\/\/www.verbraucher-schlichter.de\/\" target=\"_blank\">www.verbraucher-schlichter.de<\/a>.<\/p>\n\n\n\n<p><\/p>\n","protected":false},"excerpt":{"rendered":"<p>HNO-Zentrum-WeselHohe Stra\u00dfe 2746483 WeselDeutschland Telefon: 0281-2 22 00 E-Mail: hno-zentrum-wesel@t-online.de Berufsbezeichnungen &#8211; Dr. med. Lara van Bebber: \u00c4rztin (verliehen in der Bundesrepublik Deutschland)&#8211; Tamar Assi-Hijazi: \u00c4rztin (verliehen in der Bundesrepublik Deutschland)&#8211; Tobias Killian: Arzt (verliehen in der Bundesrepublik Deutschland) Zust\u00e4ndige \u00c4rztekammer:\u00c4rztekammer NordrheinTersteegenstr. 940474 D\u00fcsseldorfwww.aekno.de Zust\u00e4ndige Aufsichtsbeh\u00f6rde:Kassen\u00e4rztliche Vereinigung NordrheinTersteegenstr. 940474 D\u00fcsseldorfwww.kvno.de Berufsrechtliche Regelung:&#8211; Berufsordnung der \u00c4rztekammer [&hellip;]<\/p>\n","protected":false},"author":1,"featured_media":0,"parent":0,"menu_order":0,"comment_status":"closed","ping_status":"closed","template":"","meta":{"site-sidebar-layout":"default","site-content-layout":"default","ast-site-content-layout":"default","site-content-style":"default","site-sidebar-style":"default","ast-global-header-display":"","ast-banner-title-visibility":"","ast-main-header-display":"","ast-hfb-above-header-display":"","ast-hfb-below-header-display":"","ast-hfb-mobile-header-display":"","site-post-title":"","ast-breadcrumbs-content":"","ast-featured-img":"","footer-sml-layout":"","ast-disable-related-posts":"","theme-transparent-header-meta":"default","adv-header-id-meta":"","stick-header-meta":"","header-above-stick-meta":"","header-main-stick-meta":"","header-below-stick-meta":"","astra-migrate-meta-layouts":"set","ast-page-background-enabled":"default","ast-page-background-meta":{"desktop":{"background-color":"var(--ast-global-color-4)","background-image":"","background-repeat":"repeat","background-position":"center center","background-size":"auto","background-attachment":"scroll","background-type":"","background-media":"","overlay-type":"","overlay-color":"","overlay-opacity":"","overlay-gradient":""},"tablet":{"background-color":"","background-image":"","background-repeat":"repeat","background-position":"center center","background-size":"auto","background-attachment":"scroll","background-type":"","background-media":"","overlay-type":"","overlay-color":"","overlay-opacity":"","overlay-gradient":""},"mobile":{"background-color":"","background-image":"","background-repeat":"repeat","background-position":"center center","background-size":"auto","background-attachment":"scroll","background-type":"","background-media":"","overlay-type":"","overlay-color":"","overlay-opacity":"","overlay-gradient":""}},"ast-content-background-meta":{"desktop":{"background-color":"var(--ast-global-color-5)","background-image":"","background-repeat":"repeat","background-position":"center center","background-size":"auto","background-attachment":"scroll","background-type":"","background-media":"","overlay-type":"","overlay-color":"","overlay-opacity":"","overlay-gradient":""},"tablet":{"background-color":"var(--ast-global-color-5)","background-image":"","background-repeat":"repeat","background-position":"center center","background-size":"auto","background-attachment":"scroll","background-type":"","background-media":"","overlay-type":"","overlay-color":"","overlay-opacity":"","overlay-gradient":""},"mobile":{"background-color":"var(--ast-global-color-5)","background-image":"","background-repeat":"repeat","background-position":"center center","background-size":"auto","background-attachment":"scroll","background-type":"","background-media":"","overlay-type":"","overlay-color":"","overlay-opacity":"","overlay-gradient":""}},"footnotes":""},"class_list":["post-25","page","type-page","status-publish","hentry"],"_links":{"self":[{"href":"https:\/\/hnozentrumwesel.de\/index.php?rest_route=\/wp\/v2\/pages\/25","targetHints":{"allow":["GET"]}}],"collection":[{"href":"https:\/\/hnozentrumwesel.de\/index.php?rest_route=\/wp\/v2\/pages"}],"about":[{"href":"https:\/\/hnozentrumwesel.de\/index.php?rest_route=\/wp\/v2\/types\/page"}],"author":[{"embeddable":true,"href":"https:\/\/hnozentrumwesel.de\/index.php?rest_route=\/wp\/v2\/users\/1"}],"replies":[{"embeddable":true,"href":"https:\/\/hnozentrumwesel.de\/index.php?rest_route=%2Fwp%2Fv2%2Fcomments&post=25"}],"version-history":[{"count":24,"href":"https:\/\/hnozentrumwesel.de\/index.php?rest_route=\/wp\/v2\/pages\/25\/revisions"}],"predecessor-version":[{"id":1125,"href":"https:\/\/hnozentrumwesel.de\/index.php?rest_route=\/wp\/v2\/pages\/25\/revisions\/1125"}],"wp:attachment":[{"href":"https:\/\/hnozentrumwesel.de\/index.php?rest_route=%2Fwp%2Fv2%2Fmedia&parent=25"}],"curies":[{"name":"wp","href":"https:\/\/api.w.org\/{rel}","templated":true}]}}